{"id":1124,"date":"2024-05-14T18:03:51","date_gmt":"2024-05-14T18:03:51","guid":{"rendered":"https:\/\/donatti.md\/?post_type=product&#038;p=1124"},"modified":"2024-09-01T14:55:38","modified_gmt":"2024-09-01T11:55:38","slug":"d-dna-restorer-prof-step-3-500g","status":"publish","type":"product","link":"https:\/\/donatti.md\/ru\/catalog\/reconstructie\/d-dna-restorer-prof-step-3-500g\/","title":{"rendered":"DNA RESTORER PROF STEP 3 500G"},"content":{"rendered":"","protected":false},"excerpt":{"rendered":"<p>REPARATII FINISHER \u2022 PASUL 3 \u2022 500ml Cu o formul\u0103 bogat\u0103 \u00een acizi gra\u0219i esen\u021biali, este solu\u021bia perfect\u0103 pentru a revitaliza p\u0103rul. Ac\u021bioneaz\u0103 ca o hidratare profund\u0103, restabilind moliciunea firelor, conferindu-le o str\u0103lucire natural\u0103 \u0219i o nutri\u021bie intens\u0103.<\/p>\n<p>Ofer\u0103 rezultate vizibile, un p\u0103r s\u0103n\u0103tos \u0219i u\u0219or de coafat.<\/p>","protected":false},"featured_media":1125,"comment_status":"open","ping_status":"closed","template":"","meta":[],"product_brand":[],"product_cat":[146],"product_tag":[],"class_list":{"0":"post-1124","1":"product","2":"type-product","3":"status-publish","4":"has-post-thumbnail","6":"product_cat-reconstructie","8":"first","9":"instock","10":"shipping-taxable","11":"product-type-simple"},"_links":{"self":[{"href":"https:\/\/donatti.md\/ru\/wp-json\/wp\/v2\/product\/1124","targetHints":{"allow":["GET"]}}],"collection":[{"href":"https:\/\/donatti.md\/ru\/wp-json\/wp\/v2\/product"}],"about":[{"href":"https:\/\/donatti.md\/ru\/wp-json\/wp\/v2\/types\/product"}],"replies":[{"embeddable":true,"href":"https:\/\/donatti.md\/ru\/wp-json\/wp\/v2\/comments?post=1124"}],"wp:featuredmedia":[{"embeddable":true,"href":"https:\/\/donatti.md\/ru\/wp-json\/wp\/v2\/media\/1125"}],"wp:attachment":[{"href":"https:\/\/donatti.md\/ru\/wp-json\/wp\/v2\/media?parent=1124"}],"wp:term":[{"taxonomy":"product_brand","embeddable":true,"href":"https:\/\/donatti.md\/ru\/wp-json\/wp\/v2\/product_brand?post=1124"},{"taxonomy":"product_cat","embeddable":true,"href":"https:\/\/donatti.md\/ru\/wp-json\/wp\/v2\/product_cat?post=1124"},{"taxonomy":"product_tag","embeddable":true,"href":"https:\/\/donatti.md\/ru\/wp-json\/wp\/v2\/product_tag?post=1124"}],"curies":[{"name":"wp","href":"https:\/\/api.w.org\/{rel}","templated":true}]}}