{"id":1123,"date":"2024-05-14T18:01:43","date_gmt":"2024-05-14T18:01:43","guid":{"rendered":"https:\/\/donatti.md\/?post_type=product&#038;p=1123"},"modified":"2024-08-24T13:03:27","modified_gmt":"2024-08-24T10:03:27","slug":"d-dna-regenerator-prof-step-2-1000g","status":"publish","type":"product","link":"https:\/\/donatti.md\/ru\/catalog\/reconstructie\/d-dna-regenerator-prof-step-2-1000g\/","title":{"rendered":"DNA REGENERATOR PROF STEP 2 1000G"},"content":{"rendered":"","protected":false},"excerpt":{"rendered":"<p>REGENERATOR \u2022 PASUL 2 \u2022 1000ml Preg\u0103te\u0219te\u00a0suprafa\u021ba molecular\u0103 a fiec\u0103rui fir de p\u0103r, amplific\u00e2nd capacitatea de absorb\u021bie a polimerului prezent \u00een complexele de interac\u021biune ale alfa \u0219i beta keratinei.<\/p>\n<p>Ofer\u0103 un p\u0103r mai rezistent, mai str\u0103lucitor \u0219i mai u\u0219or de coafat, f\u0103r\u0103 s\u0103 \u00eencarce sau s\u0103 lase reziduuri.<\/p>","protected":false},"featured_media":1122,"comment_status":"open","ping_status":"closed","template":"","meta":[],"product_brand":[],"product_cat":[146],"product_tag":[],"class_list":{"0":"post-1123","1":"product","2":"type-product","3":"status-publish","4":"has-post-thumbnail","6":"product_cat-reconstructie","8":"first","9":"instock","10":"shipping-taxable","11":"product-type-simple"},"_links":{"self":[{"href":"https:\/\/donatti.md\/ru\/wp-json\/wp\/v2\/product\/1123","targetHints":{"allow":["GET"]}}],"collection":[{"href":"https:\/\/donatti.md\/ru\/wp-json\/wp\/v2\/product"}],"about":[{"href":"https:\/\/donatti.md\/ru\/wp-json\/wp\/v2\/types\/product"}],"replies":[{"embeddable":true,"href":"https:\/\/donatti.md\/ru\/wp-json\/wp\/v2\/comments?post=1123"}],"wp:featuredmedia":[{"embeddable":true,"href":"https:\/\/donatti.md\/ru\/wp-json\/wp\/v2\/media\/1122"}],"wp:attachment":[{"href":"https:\/\/donatti.md\/ru\/wp-json\/wp\/v2\/media?parent=1123"}],"wp:term":[{"taxonomy":"product_brand","embeddable":true,"href":"https:\/\/donatti.md\/ru\/wp-json\/wp\/v2\/product_brand?post=1123"},{"taxonomy":"product_cat","embeddable":true,"href":"https:\/\/donatti.md\/ru\/wp-json\/wp\/v2\/product_cat?post=1123"},{"taxonomy":"product_tag","embeddable":true,"href":"https:\/\/donatti.md\/ru\/wp-json\/wp\/v2\/product_tag?post=1123"}],"curies":[{"name":"wp","href":"https:\/\/api.w.org\/{rel}","templated":true}]}}