{"id":1120,"date":"2024-05-14T18:00:12","date_gmt":"2024-05-14T18:00:12","guid":{"rendered":"https:\/\/donatti.md\/?post_type=product&#038;p=1120"},"modified":"2025-03-17T20:18:44","modified_gmt":"2025-03-17T17:18:44","slug":"d-dna-shampoo-prof-step-1-1000g","status":"publish","type":"product","link":"https:\/\/donatti.md\/ru\/catalog\/reconstructie\/d-dna-shampoo-prof-step-1-1000g\/","title":{"rendered":"DNA SHAMPOO PROF STEP 1 1000G"},"content":{"rendered":"","protected":false},"excerpt":{"rendered":"<p>SAMPON \u2022 PASUL 1 \u2022 1000ml Formulat pentru a \u00eembun\u0103t\u0103\u021bi absorb\u021bia complexelor de tratament,\u00a0 intensific\u0103 luminozitatea p\u0103rului prin intermediul agen\u021bilor reflectori optici din formula sa avansat\u0103.<\/p>\n<p>Cur\u0103\u021b\u0103 delicat \u0219i eficient p\u0103rul, preg\u0103tindu-l pentru tratamentele ulterioare, asigur\u00e2nd o baz\u0103 perfect\u0103 pentru un p\u0103r s\u0103n\u0103tos \u0219i str\u0103lucitor.<\/p>","protected":false},"featured_media":1121,"comment_status":"open","ping_status":"closed","template":"","meta":[],"product_brand":[],"product_cat":[146],"product_tag":[],"class_list":{"0":"post-1120","1":"product","2":"type-product","3":"status-publish","4":"has-post-thumbnail","6":"product_cat-reconstructie","8":"first","9":"instock","10":"shipping-taxable","11":"product-type-simple"},"_links":{"self":[{"href":"https:\/\/donatti.md\/ru\/wp-json\/wp\/v2\/product\/1120","targetHints":{"allow":["GET"]}}],"collection":[{"href":"https:\/\/donatti.md\/ru\/wp-json\/wp\/v2\/product"}],"about":[{"href":"https:\/\/donatti.md\/ru\/wp-json\/wp\/v2\/types\/product"}],"replies":[{"embeddable":true,"href":"https:\/\/donatti.md\/ru\/wp-json\/wp\/v2\/comments?post=1120"}],"wp:featuredmedia":[{"embeddable":true,"href":"https:\/\/donatti.md\/ru\/wp-json\/wp\/v2\/media\/1121"}],"wp:attachment":[{"href":"https:\/\/donatti.md\/ru\/wp-json\/wp\/v2\/media?parent=1120"}],"wp:term":[{"taxonomy":"product_brand","embeddable":true,"href":"https:\/\/donatti.md\/ru\/wp-json\/wp\/v2\/product_brand?post=1120"},{"taxonomy":"product_cat","embeddable":true,"href":"https:\/\/donatti.md\/ru\/wp-json\/wp\/v2\/product_cat?post=1120"},{"taxonomy":"product_tag","embeddable":true,"href":"https:\/\/donatti.md\/ru\/wp-json\/wp\/v2\/product_tag?post=1120"}],"curies":[{"name":"wp","href":"https:\/\/api.w.org\/{rel}","templated":true}]}}