{"id":1119,"date":"2024-05-14T17:49:15","date_gmt":"2024-05-14T17:49:15","guid":{"rendered":"https:\/\/donatti.md\/?post_type=product&#038;p=1119"},"modified":"2024-09-01T01:08:57","modified_gmt":"2024-08-31T22:08:57","slug":"d-baoba-mukua-passo-3-1000g","status":"publish","type":"product","link":"https:\/\/donatti.md\/ru\/catalog\/transformare\/d-baoba-mukua-passo-3-1000g\/","title":{"rendered":"BAOBA MUKUA PASSO 3 1000G"},"content":{"rendered":"","protected":false},"excerpt":{"rendered":"<p>STABILIZATOR MUKUA \u2022 PASUL 3 \u2022 1000ml este destinat s\u0103 stabilizeze fibrele de p\u0103r dup\u0103 utilizarea Restructurierului Baob\u00e1.<\/p>\n<p>Cu o putere mare de regenerare, ofer\u0103 o solu\u021bie eficient\u0103 pentru \u00eent\u0103rirea \u0219i sigilarea fibrei capilare.<\/p>\n<p>Beneficiind de propriet\u0103\u021bi antioxidante, BAOBA MUKUA PASSO 3 contribuie la men\u021binerea unui aspect natural al p\u0103rului, conferindu-i un aspect s\u0103n\u0103tos \u0219i revitalizat.<\/p>","protected":false},"featured_media":26,"comment_status":"open","ping_status":"closed","template":"","meta":[],"product_brand":[],"product_cat":[146,141],"product_tag":[],"class_list":{"0":"post-1119","1":"product","2":"type-product","3":"status-publish","4":"has-post-thumbnail","6":"product_cat-reconstructie","7":"product_cat-transformare","9":"first","10":"instock","11":"shipping-taxable","12":"product-type-simple"},"_links":{"self":[{"href":"https:\/\/donatti.md\/ru\/wp-json\/wp\/v2\/product\/1119","targetHints":{"allow":["GET"]}}],"collection":[{"href":"https:\/\/donatti.md\/ru\/wp-json\/wp\/v2\/product"}],"about":[{"href":"https:\/\/donatti.md\/ru\/wp-json\/wp\/v2\/types\/product"}],"replies":[{"embeddable":true,"href":"https:\/\/donatti.md\/ru\/wp-json\/wp\/v2\/comments?post=1119"}],"wp:featuredmedia":[{"embeddable":true,"href":"https:\/\/donatti.md\/ru\/wp-json\/wp\/v2\/media\/26"}],"wp:attachment":[{"href":"https:\/\/donatti.md\/ru\/wp-json\/wp\/v2\/media?parent=1119"}],"wp:term":[{"taxonomy":"product_brand","embeddable":true,"href":"https:\/\/donatti.md\/ru\/wp-json\/wp\/v2\/product_brand?post=1119"},{"taxonomy":"product_cat","embeddable":true,"href":"https:\/\/donatti.md\/ru\/wp-json\/wp\/v2\/product_cat?post=1119"},{"taxonomy":"product_tag","embeddable":true,"href":"https:\/\/donatti.md\/ru\/wp-json\/wp\/v2\/product_tag?post=1119"}],"curies":[{"name":"wp","href":"https:\/\/api.w.org\/{rel}","templated":true}]}}