{"id":1118,"date":"2024-05-14T17:46:32","date_gmt":"2024-05-14T17:46:32","guid":{"rendered":"https:\/\/donatti.md\/?post_type=product&#038;p=1118"},"modified":"2025-01-02T11:47:41","modified_gmt":"2025-01-02T08:47:41","slug":"d-baoba-reduce-blond-passo-2-1000g","status":"publish","type":"product","link":"https:\/\/donatti.md\/ru\/catalog\/transformare\/d-baoba-reduce-blond-passo-2-1000g\/","title":{"rendered":"BAOBA REDUCE BLOND PASSO 2 1000G"},"content":{"rendered":"","protected":false},"excerpt":{"rendered":"<p>REESTRUTURADOR BLOND \u2022 PASSO 2 \u2022 1000ml este un tratament specializat pentru p\u0103rul blond, conceput pentru a ac\u021biona direct \u00een regenerarea \u0219i restructurarea fibrei de p\u0103r, reduc\u00e2nd volumul acestuia. Formula sa avansat\u0103 este dedicat\u0103 p\u0103rului blond rebel, oferind rezultate eficiente \u0219i vizibile. Acest tratament ajut\u0103 la definirea \u0219i controlul p\u0103rului blond, conferindu-i o textur\u0103 m\u0103t\u0103soas\u0103 \u0219i un aspect s\u0103n\u0103tos.<\/p>\n<p><strong>Potrivit pentru p\u0103rul blond rebel.<\/strong><\/p>","protected":false},"featured_media":33,"comment_status":"open","ping_status":"closed","template":"","meta":[],"product_brand":[],"product_cat":[141],"product_tag":[],"class_list":{"0":"post-1118","1":"product","2":"type-product","3":"status-publish","4":"has-post-thumbnail","6":"product_cat-transformare","8":"first","9":"outofstock","10":"shipping-taxable","11":"product-type-simple"},"_links":{"self":[{"href":"https:\/\/donatti.md\/ru\/wp-json\/wp\/v2\/product\/1118","targetHints":{"allow":["GET"]}}],"collection":[{"href":"https:\/\/donatti.md\/ru\/wp-json\/wp\/v2\/product"}],"about":[{"href":"https:\/\/donatti.md\/ru\/wp-json\/wp\/v2\/types\/product"}],"replies":[{"embeddable":true,"href":"https:\/\/donatti.md\/ru\/wp-json\/wp\/v2\/comments?post=1118"}],"wp:featuredmedia":[{"embeddable":true,"href":"https:\/\/donatti.md\/ru\/wp-json\/wp\/v2\/media\/33"}],"wp:attachment":[{"href":"https:\/\/donatti.md\/ru\/wp-json\/wp\/v2\/media?parent=1118"}],"wp:term":[{"taxonomy":"product_brand","embeddable":true,"href":"https:\/\/donatti.md\/ru\/wp-json\/wp\/v2\/product_brand?post=1118"},{"taxonomy":"product_cat","embeddable":true,"href":"https:\/\/donatti.md\/ru\/wp-json\/wp\/v2\/product_cat?post=1118"},{"taxonomy":"product_tag","embeddable":true,"href":"https:\/\/donatti.md\/ru\/wp-json\/wp\/v2\/product_tag?post=1118"}],"curies":[{"name":"wp","href":"https:\/\/api.w.org\/{rel}","templated":true}]}}