{"id":1117,"date":"2024-05-14T17:44:50","date_gmt":"2024-05-14T17:44:50","guid":{"rendered":"https:\/\/donatti.md\/?post_type=product&#038;p=1117"},"modified":"2026-02-14T03:54:42","modified_gmt":"2026-02-14T00:54:42","slug":"d-baoba-reduce-afro-passo-2-1000g","status":"publish","type":"product","link":"https:\/\/donatti.md\/ru\/catalog\/transformare\/d-baoba-reduce-afro-passo-2-1000g\/","title":{"rendered":"BAOBA REDUCE AFRO PASSO 2 1000G"},"content":{"rendered":"","protected":false},"excerpt":{"rendered":"<p>RESTRUCTURARE \u2022 PASUL 2 \u2022 1000ml este tratamentul ideal pentru regenerarea \u0219i restructurarea fibrei de p\u0103r, special formulat pentru reducerea volumului. Cu o formul\u0103 avansat\u0103, ac\u021bioneaz\u0103 direct asupra p\u0103rului gros \u0219i rebel, oferind rezultate vizibile \u0219i durabile. Acest tratament este conceput s\u0103 aduc\u0103 control \u0219i definire firului de p\u0103r, conferindu-i o textur\u0103 m\u0103t\u0103soas\u0103 \u0219i o manevrabilitate \u00eembun\u0103t\u0103\u021bit\u0103.<\/p>\n<p><strong>Potrivit pentru p\u0103rul gros \u0219i rebel.<\/strong><\/p>","protected":false},"featured_media":45,"comment_status":"open","ping_status":"closed","template":"","meta":[],"product_brand":[],"product_cat":[141],"product_tag":[],"class_list":{"0":"post-1117","1":"product","2":"type-product","3":"status-publish","4":"has-post-thumbnail","6":"product_cat-transformare","8":"first","9":"instock","10":"taxable","11":"shipping-taxable","12":"product-type-simple"},"_links":{"self":[{"href":"https:\/\/donatti.md\/ru\/wp-json\/wp\/v2\/product\/1117","targetHints":{"allow":["GET"]}}],"collection":[{"href":"https:\/\/donatti.md\/ru\/wp-json\/wp\/v2\/product"}],"about":[{"href":"https:\/\/donatti.md\/ru\/wp-json\/wp\/v2\/types\/product"}],"replies":[{"embeddable":true,"href":"https:\/\/donatti.md\/ru\/wp-json\/wp\/v2\/comments?post=1117"}],"wp:featuredmedia":[{"embeddable":true,"href":"https:\/\/donatti.md\/ru\/wp-json\/wp\/v2\/media\/45"}],"wp:attachment":[{"href":"https:\/\/donatti.md\/ru\/wp-json\/wp\/v2\/media?parent=1117"}],"wp:term":[{"taxonomy":"product_brand","embeddable":true,"href":"https:\/\/donatti.md\/ru\/wp-json\/wp\/v2\/product_brand?post=1117"},{"taxonomy":"product_cat","embeddable":true,"href":"https:\/\/donatti.md\/ru\/wp-json\/wp\/v2\/product_cat?post=1117"},{"taxonomy":"product_tag","embeddable":true,"href":"https:\/\/donatti.md\/ru\/wp-json\/wp\/v2\/product_tag?post=1117"}],"curies":[{"name":"wp","href":"https:\/\/api.w.org\/{rel}","templated":true}]}}