{"id":1116,"date":"2024-05-14T13:29:51","date_gmt":"2024-05-14T13:29:51","guid":{"rendered":"https:\/\/donatti.md\/?post_type=product&#038;p=1116"},"modified":"2025-01-02T11:49:08","modified_gmt":"2025-01-02T08:49:08","slug":"d-baoba-shampoo-passo-1-prof-1000g","status":"publish","type":"product","link":"https:\/\/donatti.md\/ru\/catalog\/transformare\/d-baoba-shampoo-passo-1-prof-1000g\/","title":{"rendered":"BAOBA SHAMPOO PASSO 1 PROF 1000G"},"content":{"rendered":"","protected":false},"excerpt":{"rendered":"<div class=\"page\" title=\"Page 1\">\n<div class=\"section\">\n<div class=\"layoutArea\">\n<div class=\"column\">\n<p>TRATAMENT SAMPON \u2022 PASUL 1 \u2022 1000ml\u00a0&#8211; primul pas esen\u021bial \u00een rutina de aranjare Baob\u00e1.<\/p>\n<p>\u0218ampon tratament, formulat cu ingrediente active puternice, cur\u0103\u021b\u0103 \u00een profunzime p\u0103rul, \u00eendep\u0103rt\u00e2nd toate reziduurile \u0219i substan\u021bele care ar putea afecta eficien\u021ba tratamentului de aranjare din Pasul 2. Formula sa delicat\u0103 preg\u0103te\u0219te fibra capilar\u0103 f\u0103r\u0103 a o deteriora, asigur\u00e2nd o baz\u0103 perfect\u0103 pentru aplicarea ulterioar\u0103 a BAOB\u00c1 REDUCE Pasul 2.<\/p>\n<p><strong>Recomandat pentru utilizare \u00eenainte de aplicarea BAOB\u00c1 REDUCE Pasul 2.<\/strong><\/p>\n<\/div>\n<\/div>\n<\/div>\n<\/div>","protected":false},"featured_media":36,"comment_status":"open","ping_status":"closed","template":"","meta":[],"product_brand":[],"product_cat":[146,141],"product_tag":[],"class_list":{"0":"post-1116","1":"product","2":"type-product","3":"status-publish","4":"has-post-thumbnail","6":"product_cat-reconstructie","7":"product_cat-transformare","9":"first","10":"instock","11":"shipping-taxable","12":"product-type-simple"},"_links":{"self":[{"href":"https:\/\/donatti.md\/ru\/wp-json\/wp\/v2\/product\/1116","targetHints":{"allow":["GET"]}}],"collection":[{"href":"https:\/\/donatti.md\/ru\/wp-json\/wp\/v2\/product"}],"about":[{"href":"https:\/\/donatti.md\/ru\/wp-json\/wp\/v2\/types\/product"}],"replies":[{"embeddable":true,"href":"https:\/\/donatti.md\/ru\/wp-json\/wp\/v2\/comments?post=1116"}],"wp:featuredmedia":[{"embeddable":true,"href":"https:\/\/donatti.md\/ru\/wp-json\/wp\/v2\/media\/36"}],"wp:attachment":[{"href":"https:\/\/donatti.md\/ru\/wp-json\/wp\/v2\/media?parent=1116"}],"wp:term":[{"taxonomy":"product_brand","embeddable":true,"href":"https:\/\/donatti.md\/ru\/wp-json\/wp\/v2\/product_brand?post=1116"},{"taxonomy":"product_cat","embeddable":true,"href":"https:\/\/donatti.md\/ru\/wp-json\/wp\/v2\/product_cat?post=1116"},{"taxonomy":"product_tag","embeddable":true,"href":"https:\/\/donatti.md\/ru\/wp-json\/wp\/v2\/product_tag?post=1116"}],"curies":[{"name":"wp","href":"https:\/\/api.w.org\/{rel}","templated":true}]}}