{"id":3,"date":"2024-04-24T15:27:42","date_gmt":"2024-04-24T15:27:42","guid":{"rendered":"https:\/\/donatti.md\/?page_id=3"},"modified":"2024-05-02T13:48:21","modified_gmt":"2024-05-02T13:48:21","slug":"politica-de-confidentialitate","status":"publish","type":"page","link":"https:\/\/donatti.md\/ru\/politica-de-confidentialitate\/","title":{"rendered":"Politic\u0103 de confiden\u021bialitate"},"content":{"rendered":"<div data-elementor-type=\"wp-page\" data-elementor-id=\"3\" class=\"elementor elementor-3\">\n\t\t\t\t\t\t<section class=\"elementor-section elementor-top-section elementor-element elementor-element-2174b996 elementor-section-boxed elementor-section-height-default elementor-section-height-default\" data-id=\"2174b996\" data-element_type=\"section\">\n\t\t\t\t\t\t<div class=\"elementor-container elementor-column-gap-default\">\n\t\t\t\t\t<div class=\"elementor-column elementor-col-100 elementor-top-column elementor-element elementor-element-6886d34c\" data-id=\"6886d34c\" data-element_type=\"column\">\n\t\t\t<div class=\"elementor-widget-wrap elementor-element-populated\">\n\t\t\t\t\t\t<div class=\"elementor-element elementor-element-31fa8a8c color-scheme-inherit text-left elementor-widget elementor-widget-text-editor\" data-id=\"31fa8a8c\" data-element_type=\"widget\" data-widget_type=\"text-editor.default\">\n\t\t\t\t<div class=\"elementor-widget-container\">\n\t\t\t\t\t\t\t\t\t<div class=\"elementor-element elementor-element-3eae4df elementor-widget elementor-widget-xts_title\" data-id=\"3eae4df\" data-element_type=\"widget\" data-widget_type=\"xts_title.default\">\n<div class=\"elementor-widget-container\">\n<div class=\"xts-section-heading xts-reset-mb-10 xts-reset-last xts-textalign-left\" data-animation-delay=\"\">\n<h4 class=\"xts-section-title title xts-design-default xts-fontsize-l\"><span class=\"xts-section-title-text\" data-elementor-setting-key=\"title\">1. COLECTAREA DATELOR PERSONALE<\/span><\/h4>\n<\/div>\n<\/div>\n<\/div>\n<div class=\"elementor-element elementor-element-b8f6438 xts-scheme-inherit xts-textalign-inherit elementor-widget elementor-widget-text-editor\" data-id=\"b8f6438\" data-element_type=\"widget\" data-widget_type=\"text-editor.default\">\n<div class=\"elementor-widget-container\">\n<p>Donatti Moldova poate colecta date personale \u00een urm\u0103toarele scopuri:<\/p>\n<ol>\n<li>Prelucrarea comenzilor;<\/li>\n<li>Evaluarea calit\u0103\u021bii serviciilor furnizate;<\/li>\n<li>Contabilitatea consumatorilor.<\/li>\n<\/ol>\n<p>Vizitatorul acestui website confirm\u0103 acceptarea acestor condi\u021bii prin utilizarea website-ului.<\/p>\n<p>V\u00e2nz\u0103torul \u00ee\u0219i rezerv\u0103 dreptul de a transfera datele personale furnizate de c\u0103tre utilizator c\u0103tre ter\u021bi pentru a face posibil\u0103 utilizarea de c\u0103tre utilizatori a website-ului, livrarea de reclame c\u0103tre vizitatori \u0219i furnizarea de servicii c\u0103tre ace\u0219tia.<\/p>\n<\/div>\n<\/div>\n<div class=\"elementor-element elementor-element-fbce0af elementor-widget-divider--view-line elementor-widget elementor-widget-divider\" data-id=\"fbce0af\" data-element_type=\"widget\" data-widget_type=\"divider.default\">\n<div class=\"elementor-widget-container\">\n<div class=\"elementor-divider\">\u00a0<\/div>\n<\/div>\n<\/div>\n<div class=\"elementor-element elementor-element-e99f0b5 elementor-widget elementor-widget-xts_title\" data-id=\"e99f0b5\" data-element_type=\"widget\" data-widget_type=\"xts_title.default\">\n<div class=\"elementor-widget-container\">\n<div class=\"xts-section-heading xts-reset-mb-10 xts-reset-last xts-textalign-left\" data-animation-delay=\"\">\n<h4 class=\"xts-section-title title xts-design-default xts-fontsize-l\"><span class=\"xts-section-title-text\" data-elementor-setting-key=\"title\">2. SECURITATEA DATELOR PERSONALE<\/span><\/h4>\n<\/div>\n<\/div>\n<\/div>\n<div class=\"elementor-element elementor-element-6eb622f xts-scheme-inherit xts-textalign-inherit elementor-widget elementor-widget-text-editor\" data-id=\"6eb622f\" data-element_type=\"widget\" data-widget_type=\"text-editor.default\">\n<div class=\"elementor-widget-container\">\n<p>Angaja\u021bii v\u00e2nz\u0103torului implica\u021bi direct \u00een prelucrarea datelor cu caracter personal sunt familiariza\u021bi cu prevederile legisla\u021biei Republicii Moldova <strong><em>\u201cPrivind protec\u0163ia datelor cu caracter personal \u2116133 din 08.07.2011\u201d,<\/em><\/strong> inclusiv cerin\u021bele privind protec\u021bia datelor cu caracter personal, documentele care definesc politica companiei \u00een leg\u0103tur\u0103 cu prelucrarea datelor cu caracter personal \u0219i actele locale privind prelucrarea datelor cu caracter personal.<\/p>\n<p>Compania stocheaz\u0103 informa\u021biile personale ale utilizatorilor, asigur\u00e2ndu-le confiden\u021bialitatea \u0219i protec\u021bia \u00eempotriva accesului neautorizat sau accidental la acestea de c\u0103tre ter\u021bi. V\u00e2nz\u0103torul va depune toate eforturile relevante \u0219i necesare \u00eempiedic\u0103rii accesului neautorizat la datele personale ale utilizatorilor furnizate companiei.<\/p>\n<p>Compania nu r\u0103spunde de atacurile av\u00e2nd ca scop furtul sau vandalismul \u0219i care ar putea conduce la dezv\u0103luirea sau compromiterea datelor.<\/p>\n<p>V\u00e2nz\u0103torul nu-\u0219i asum\u0103 niciun fel de responsabilitate pentru situa\u021biile \u00een care utilizatorul \u00ee\u0219i public\u0103 adresa sau orice alte date personale, din proprie ini\u021biativ\u0103, \u00eentr-un mesaj public, pe oricare dintre paginile site-ului.<\/p>\n<p>Datele stocate pe website pot fi dezv\u0103luite f\u0103r\u0103 consim\u021b\u0103m\u00e2ntul dumneavoastr\u0103 \u00een caz de litigii \/ dispute privind fraudele la plata c\u0103tre urm\u0103torii destinatari: b\u0103ncile implicate \u00een pl\u0103\u021bile online, Organismele Interna\u021bionale de Carduri \u0219i Furnizori de servicii \/ produse, respectiv conform Legii, c\u0103tre institu\u021biile abilitate.<\/p>\n<p>Toate solicit\u0103rile de \u0219tergere a datelor cu caracter personal trebuie transmise pe adresa noastr\u0103 de email <a href=\"mailto:info@donatti.md\">info@donatti.md<\/a><\/p>\n<\/div>\n<\/div>\t\t\t\t\t\t\t\t<\/div>\n\t\t\t\t<\/div>\n\t\t\t\t\t<\/div>\n\t\t<\/div>\n\t\t\t\t\t<\/div>\n\t\t<\/section>\n\t\t\t\t<\/div>","protected":false},"excerpt":{"rendered":"<p>1. COLECTAREA DATELOR PERSONALE Donatti Moldova poate colecta date personale \u00een urm\u0103toarele scopuri: Prelucrarea comenzilor; Evaluarea calit\u0103\u021bii serviciilor furnizate; Contabilitatea<\/p>","protected":false},"author":1,"featured_media":0,"parent":0,"menu_order":0,"comment_status":"closed","ping_status":"open","template":"","meta":{"footnotes":""},"class_list":["post-3","page","type-page","status-publish","hentry"],"_links":{"self":[{"href":"https:\/\/donatti.md\/ru\/wp-json\/wp\/v2\/pages\/3","targetHints":{"allow":["GET"]}}],"collection":[{"href":"https:\/\/donatti.md\/ru\/wp-json\/wp\/v2\/pages"}],"about":[{"href":"https:\/\/donatti.md\/ru\/wp-json\/wp\/v2\/types\/page"}],"author":[{"embeddable":true,"href":"https:\/\/donatti.md\/ru\/wp-json\/wp\/v2\/users\/1"}],"replies":[{"embeddable":true,"href":"https:\/\/donatti.md\/ru\/wp-json\/wp\/v2\/comments?post=3"}],"version-history":[{"count":3,"href":"https:\/\/donatti.md\/ru\/wp-json\/wp\/v2\/pages\/3\/revisions"}],"predecessor-version":[{"id":930,"href":"https:\/\/donatti.md\/ru\/wp-json\/wp\/v2\/pages\/3\/revisions\/930"}],"wp:attachment":[{"href":"https:\/\/donatti.md\/ru\/wp-json\/wp\/v2\/media?parent=3"}],"curies":[{"name":"wp","href":"https:\/\/api.w.org\/{rel}","templated":true}]}}